{"id":65,"date":"2025-02-14T07:04:46","date_gmt":"2025-02-14T07:04:46","guid":{"rendered":"http:\/\/www.caganosgb.com.tr\/?page_id=65"},"modified":"2025-02-20T19:16:30","modified_gmt":"2025-02-20T19:16:30","slug":"ilk-yardim-egitimi","status":"publish","type":"page","link":"http:\/\/www.caganosgb.com.tr\/index.php\/ilk-yardim-egitimi\/","title":{"rendered":"\u0130lk Yard\u0131m E\u011fitimi"},"content":{"rendered":"\n<p class=\"has-secondary-color has-text-color has-link-color wp-elements-961d6c5aba3d15fe62a7c157899352cf\" style=\"font-size:25px\"><strong>\u0130lk Yard\u0131m Nedir?<\/strong><\/p>\n\n\n\n<p class=\"has-secondary-color has-text-color has-link-color wp-elements-449f00027da3e2a4802311e3983c1210\">\u0130lk Yard\u0131m, bir kaza, yaralanma veya ani hastal\u0131k durumunda, t\u0131bbi yard\u0131m ula\u015fana kadar yap\u0131lan acil m\u00fcdahalelerdir. \u0130lk yard\u0131m\u0131n temel amac\u0131, hayat kurtarmak, durumun k\u00f6t\u00fcle\u015fmesini \u00f6nlemek ve iyile\u015fmeyi kolayla\u015ft\u0131rmakt\u0131r. \u0130lk yard\u0131m, t\u0131bbi e\u011fitim alm\u0131\u015f sa\u011fl\u0131k profesyonelleri d\u0131\u015f\u0131ndaki ki\u015filer taraf\u0131ndan da uygulanabilir, ancak do\u011fru bilgi ve becerilere sahip olmak b\u00fcy\u00fck \u00f6nem ta\u015f\u0131r.<\/p>\n\n\n\n<hr class=\"wp-block-separator has-alpha-channel-opacity\"\/>\n\n\n\n<h3 class=\"wp-block-heading\"><strong>\u0130lk Yard\u0131m\u0131n Temel \u0130lkeleri<\/strong><\/h3>\n\n\n\n<ol start=\"1\" class=\"wp-block-list has-secondary-color has-text-color has-link-color wp-elements-4102a39bbb43bac2de11bc4e999f4cc0\">\n<li class=\"has-secondary-color has-text-color has-link-color wp-elements-ee7ec9d3828efecfde1927a19795b733\"><strong>Hayat Kurtarmak<\/strong>:\n<ul class=\"wp-block-list\">\n<li>Solunum ve dola\u015f\u0131m gibi ya\u015famsal fonksiyonlar\u0131 desteklemek.<\/li>\n\n\n\n<li>Kanamay\u0131 durdurmak gibi acil m\u00fcdahalelerde bulunmak.<\/li>\n<\/ul>\n<\/li>\n\n\n\n<li class=\"has-secondary-color has-text-color has-link-color wp-elements-8c323e5ec4531855a43146ba2dd6b285\"><strong>Durumun K\u00f6t\u00fcle\u015fmesini \u00d6nlemek<\/strong>:\n<ul class=\"wp-block-list\">\n<li>Yaral\u0131 veya hasta ki\u015fiyi g\u00fcvenli bir pozisyona almak.<\/li>\n\n\n\n<li>Yaralanma veya hastal\u0131\u011f\u0131n etkilerini azaltacak \u00f6nlemler almak.<\/li>\n<\/ul>\n<\/li>\n\n\n\n<li class=\"has-secondary-color has-text-color has-link-color wp-elements-b9b68e4a4cf8f74dcadbc3f14c9f358d\"><strong>\u0130yile\u015fmeyi Kolayla\u015ft\u0131rmak<\/strong>:\n<ul class=\"wp-block-list has-secondary-color has-text-color has-link-color wp-elements-caa6a60695423c520beeddb4537233bd\">\n<li class=\"has-secondary-color has-text-color has-link-color wp-elements-0c2e8d348f4749e66d45f5c46e373d70\">Do\u011fru m\u00fcdahalelerle iyile\u015fme s\u00fcrecini h\u0131zland\u0131rmak.<\/li>\n\n\n\n<li class=\"has-secondary-color has-text-color has-link-color wp-elements-13e32fb9eee2ac8f78580327045bd340\">Yaral\u0131 veya hasta ki\u015fiyi sakinle\u015ftirerek psikolojik destek sa\u011flamak.<\/li>\n\n\n\n<li class=\"has-secondary-color has-text-color has-link-color wp-elements-18ff1314fbf12b2bfc3c22bb07c46e7a\"><strong>\u0130lk Yard\u0131m E\u011fitimi<\/strong><br>\u0130lk yard\u0131m uygulamalar\u0131, do\u011fru bilgi ve becerilerle yap\u0131lmal\u0131d\u0131r. Bu nedenle, ilk yard\u0131m e\u011fitimi almak b\u00fcy\u00fck \u00f6nem ta\u015f\u0131r. \u0130lk yard\u0131m e\u011fitimi:<br><strong>Milli E\u011fitim Bakanl\u0131\u011f\u0131 (MEB)<\/strong>\u00a0veya\u00a0<strong>Sa\u011fl\u0131k Bakanl\u0131\u011f\u0131<\/strong>\u00a0onayl\u0131 kurumlardan al\u0131nabilir.<br>E\u011fitim sonunda ba\u015far\u0131l\u0131 olan ki\u015filere\u00a0<strong>ilk yard\u0131m sertifikas\u0131<\/strong>\u00a0verilir.<br>E\u011fitim, teorik bilgilerin yan\u0131 s\u0131ra pratik uygulamalar\u0131 da i\u00e7erir.<br><br><strong>\u0130lk Yard\u0131m\u0131n \u00d6nemi<\/strong><br><strong>Hayat Kurtar\u0131r<\/strong>: Do\u011fru m\u00fcdahale, \u00f6l\u00fcm riskini azalt\u0131r.<br><strong>\u0130yile\u015fme S\u00fcrecini H\u0131zland\u0131r\u0131r<\/strong>: Erken m\u00fcdahale, tedavi s\u00fcrecini kolayla\u015ft\u0131r\u0131r.<br><strong>Kal\u0131c\u0131 Hasarlar\u0131 \u00d6nler<\/strong>: Yanl\u0131\u015f m\u00fcdahale yerine do\u011fru ilk yard\u0131m, kal\u0131c\u0131 sakatl\u0131klar\u0131 \u00f6nler.<br><strong>Toplum Bilinci Olu\u015fturur<\/strong>: \u0130lk yard\u0131m bilgisi, toplumda g\u00fcvenli bir ya\u015fam k\u00fclt\u00fcr\u00fc olu\u015fturur.<br><br><br>\u0130lk yard\u0131m, herkesin bilmesi gereken temel bir ya\u015fam becerisidir. Do\u011fru uyguland\u0131\u011f\u0131nda hayat kurtar\u0131r ve sa\u011fl\u0131k sorunlar\u0131n\u0131n b\u00fcy\u00fcmesini engeller. Bu nedenle, ilk yard\u0131m e\u011fitimi almak ve bu bilgileri g\u00fcncel tutmak b\u00fcy\u00fck \u00f6nem ta\u015f\u0131r.<\/li>\n<\/ul>\n<\/li>\n<\/ol>\n","protected":false},"excerpt":{"rendered":"<p>\u0130lk Yard\u0131m Nedir? \u0130lk Yard\u0131m, bir kaza, yaralanma veya ani hastal\u0131k durumunda, t\u0131bbi yard\u0131m ula\u015fana kadar yap\u0131lan acil m\u00fcdahalelerdir. \u0130lk yard\u0131m\u0131n temel amac\u0131, hayat kurtarmak, durumun k\u00f6t\u00fcle\u015fmesini \u00f6nlemek ve iyile\u015fmeyi kolayla\u015ft\u0131rmakt\u0131r. \u0130lk yard\u0131m, t\u0131bbi e\u011fitim alm\u0131\u015f sa\u011fl\u0131k profesyonelleri d\u0131\u015f\u0131ndaki ki\u015filer taraf\u0131ndan da uygulanabilir, ancak do\u011fru bilgi ve becerilere sahip olmak b\u00fcy\u00fck \u00f6nem ta\u015f\u0131r. \u0130lk Yard\u0131m\u0131n [&hellip;]<\/p>\n","protected":false},"author":1,"featured_media":0,"parent":0,"menu_order":0,"comment_status":"closed","ping_status":"closed","template":"","meta":{"footnotes":""},"class_list":["post-65","page","type-page","status-publish","hentry"],"_links":{"self":[{"href":"http:\/\/www.caganosgb.com.tr\/index.php\/wp-json\/wp\/v2\/pages\/65","targetHints":{"allow":["GET"]}}],"collection":[{"href":"http:\/\/www.caganosgb.com.tr\/index.php\/wp-json\/wp\/v2\/pages"}],"about":[{"href":"http:\/\/www.caganosgb.com.tr\/index.php\/wp-json\/wp\/v2\/types\/page"}],"author":[{"embeddable":true,"href":"http:\/\/www.caganosgb.com.tr\/index.php\/wp-json\/wp\/v2\/users\/1"}],"replies":[{"embeddable":true,"href":"http:\/\/www.caganosgb.com.tr\/index.php\/wp-json\/wp\/v2\/comments?post=65"}],"version-history":[{"count":6,"href":"http:\/\/www.caganosgb.com.tr\/index.php\/wp-json\/wp\/v2\/pages\/65\/revisions"}],"predecessor-version":[{"id":291,"href":"http:\/\/www.caganosgb.com.tr\/index.php\/wp-json\/wp\/v2\/pages\/65\/revisions\/291"}],"wp:attachment":[{"href":"http:\/\/www.caganosgb.com.tr\/index.php\/wp-json\/wp\/v2\/media?parent=65"}],"curies":[{"name":"wp","href":"https:\/\/api.w.org\/{rel}","templated":true}]}}