{"id":61,"date":"2025-02-14T07:02:49","date_gmt":"2025-02-14T07:02:49","guid":{"rendered":"http:\/\/www.caganosgb.com.tr\/?page_id=61"},"modified":"2025-02-17T18:50:11","modified_gmt":"2025-02-17T18:50:11","slug":"yangin-egitimleri","status":"publish","type":"page","link":"http:\/\/www.caganosgb.com.tr\/index.php\/yangin-egitimleri\/","title":{"rendered":"Yang\u0131n E\u011fitimleri"},"content":{"rendered":"\n<p class=\"has-secondary-color has-text-color has-link-color wp-elements-3e8169be14db75c87d56d6ec37f4e46c\" style=\"font-size:25px\"><strong>Yang\u0131n E\u011fitimleri<\/strong><\/p>\n\n\n\n<p class=\"has-secondary-color has-text-color has-link-color wp-elements-76c9b2e1ebe7586e2936b3f3032b4d03\">Yang\u0131n E\u011fitimi, yang\u0131n risklerini \u00f6nlemek, yang\u0131n an\u0131nda do\u011fru m\u00fcdahale etmek ve yang\u0131n sonras\u0131 gerekli tedbirleri almak i\u00e7in bireylere verilen e\u011fitimdir. Bu e\u011fitim, i\u015fyerlerinde, okullarda, hastanelerde ve di\u011fer kamu kurumlar\u0131nda yang\u0131n g\u00fcvenli\u011fi bilincini art\u0131rmay\u0131 ve olas\u0131 yang\u0131n durumlar\u0131nda can ve mal kayb\u0131n\u0131 en aza indirmeyi ama\u00e7lar. Yang\u0131n e\u011fitimi, hem teorik bilgileri hem de pratik uygulamalar\u0131 i\u00e7erir.<\/p>\n\n\n\n<hr class=\"wp-block-separator has-alpha-channel-opacity\"\/>\n\n\n\n<h3 class=\"wp-block-heading\"><strong>Yang\u0131n E\u011fitiminin Amac\u0131<\/strong><\/h3>\n\n\n\n<ol start=\"1\" class=\"wp-block-list has-secondary-color has-text-color has-link-color wp-elements-d144f8271b91dc916b98686338ef9523\">\n<li><strong>Yang\u0131n Risklerini \u00d6nleme<\/strong>:\n<ul class=\"wp-block-list\">\n<li>Yang\u0131n \u00e7\u0131kmas\u0131n\u0131 \u00f6nleyecek tedbirler almak.<\/li>\n\n\n\n<li>Yang\u0131n tehlikelerini tan\u0131mlamak ve riskleri azaltmak.<\/li>\n<\/ul>\n<\/li>\n\n\n\n<li><strong>Yang\u0131n An\u0131nda Do\u011fru M\u00fcdahale<\/strong>:\n<ul class=\"wp-block-list\">\n<li>Yang\u0131n s\u00f6nd\u00fcrme ekipmanlar\u0131n\u0131 do\u011fru kullanmak.<\/li>\n\n\n\n<li>Yang\u0131n an\u0131nda tahliye ve kurtarma i\u015flemlerini organize etmek.<\/li>\n<\/ul>\n<\/li>\n\n\n\n<li><strong>Can ve Mal G\u00fcvenli\u011fini Sa\u011flama<\/strong>:\n<ul class=\"wp-block-list\">\n<li>Yang\u0131n durumunda can kayb\u0131n\u0131 ve maddi zarar\u0131 en aza indirmek.<\/li>\n<\/ul>\n<\/li>\n\n\n\n<li><strong>Yasal Uyumu Sa\u011flama<\/strong>:\n<ul class=\"wp-block-list\">\n<li>\u0130\u015f Sa\u011fl\u0131\u011f\u0131 ve G\u00fcvenli\u011fi Kanunu (6331 Say\u0131l\u0131 Kanun) ve ilgili y\u00f6netmeliklere uygun hareket etmek.<\/li>\n<\/ul>\n<\/li>\n<\/ol>\n\n\n\n<hr class=\"wp-block-separator has-alpha-channel-opacity\"\/>\n\n\n\n<h3 class=\"wp-block-heading\"><strong>Yang\u0131n E\u011fitiminin Kapsam\u0131<\/strong><\/h3>\n\n\n\n<p class=\"has-secondary-color has-text-color has-link-color wp-elements-04f6ac95b1474b74707cb0081bcdaae5\">Yang\u0131n e\u011fitimi, a\u015fa\u011f\u0131daki konular\u0131 i\u00e7erir:<\/p>\n\n\n\n<h4 class=\"wp-block-heading\">1.&nbsp;<strong>Yang\u0131n Bilgisi<\/strong><\/h4>\n\n\n\n<ul class=\"wp-block-list has-secondary-color has-text-color has-link-color wp-elements-5a6764e92ce81c7d422521fbbb09c9ec\">\n<li>Yang\u0131n\u0131n tan\u0131m\u0131 ve yang\u0131n \u00e7e\u015fitleri (A, B, C, D ve F s\u0131n\u0131f\u0131 yang\u0131nlar).<\/li>\n\n\n\n<li>Yang\u0131n\u0131n olu\u015fum nedenleri (yan\u0131c\u0131 madde, oksijen, ate\u015f kayna\u011f\u0131).<\/li>\n\n\n\n<li>Yang\u0131n\u0131n yay\u0131lma h\u0131z\u0131 ve etkileri.<\/li>\n<\/ul>\n\n\n\n<h4 class=\"wp-block-heading\">2.&nbsp;<strong>Yang\u0131n \u00d6nleme Tedbirleri<\/strong><\/h4>\n\n\n\n<ul class=\"wp-block-list has-secondary-color has-text-color has-link-color wp-elements-6fa81588bd9d026e2317424a8c816e85\">\n<li>Yang\u0131n risklerini azaltacak \u00f6nlemler (elektrik tesisat\u0131 kontrol\u00fc, yan\u0131c\u0131 maddelerin do\u011fru depolanmas\u0131 vb.).<\/li>\n\n\n\n<li>Yang\u0131n g\u00fcvenli\u011fi ekipmanlar\u0131n\u0131n (yang\u0131n s\u00f6nd\u00fcr\u00fcc\u00fcler, yang\u0131n alarmlar\u0131 vb.) kullan\u0131m\u0131 ve bak\u0131m\u0131.<\/li>\n<\/ul>\n\n\n\n<h4 class=\"wp-block-heading\">3.&nbsp;<strong>Yang\u0131n S\u00f6nd\u00fcrme Teknikleri<\/strong><\/h4>\n\n\n\n<ul class=\"wp-block-list has-secondary-color has-text-color has-link-color wp-elements-93b079db9ce63d21688ab5e41eb1cec9\">\n<li>Yang\u0131n s\u00f6nd\u00fcrme cihazlar\u0131n\u0131n (k\u00f6p\u00fck, kuru kimyevi toz, karbondioksit vb.) kullan\u0131m\u0131.<\/li>\n\n\n\n<li>Yang\u0131n s\u00f6nd\u00fcrme y\u00f6ntemleri (so\u011futma, bo\u011fma, zincirleme reaksiyonu engelleme).<\/li>\n<\/ul>\n\n\n\n<h4 class=\"wp-block-heading\">4.&nbsp;<strong>Yang\u0131n An\u0131nda Yap\u0131lmas\u0131 Gerekenler<\/strong><\/h4>\n\n\n\n<ul class=\"wp-block-list has-secondary-color has-text-color has-link-color wp-elements-4d2756491e8f5e7317a5bfbaf8bc0147\">\n<li>Yang\u0131n alarm\u0131n\u0131n nas\u0131l verilece\u011fi.<\/li>\n\n\n\n<li>\u0130tfaiyeye nas\u0131l haber verilece\u011fi.<\/li>\n\n\n\n<li>Yang\u0131n an\u0131nda sakin kalma ve do\u011fru karar verme.<\/li>\n<\/ul>\n\n\n\n<h4 class=\"wp-block-heading\">5.&nbsp;<strong>Tahliye ve Kurtarma<\/strong><\/h4>\n\n\n\n<ul class=\"wp-block-list has-secondary-color has-text-color has-link-color wp-elements-0330436b4e1f3fac6a493ab1d37209a6\">\n<li>Yang\u0131n durumunda binan\u0131n g\u00fcvenli \u015fekilde tahliye edilmesi.<\/li>\n\n\n\n<li>Acil \u00e7\u0131k\u0131\u015f yollar\u0131 ve toplanma alanlar\u0131n\u0131n kullan\u0131m\u0131.<\/li>\n\n\n\n<li>Engelli bireylerin tahliyesi.<\/li>\n<\/ul>\n\n\n\n<h4 class=\"wp-block-heading\">6.&nbsp;<strong>Yang\u0131n Sonras\u0131 Yap\u0131lmas\u0131 Gerekenler<\/strong><\/h4>\n\n\n\n<ul class=\"wp-block-list has-secondary-color has-text-color has-link-color wp-elements-b3c8a3092807bfbcde97d0d6b6edebaf\">\n<li>Yang\u0131n sonras\u0131 g\u00fcvenlik \u00f6nlemleri.<\/li>\n\n\n\n<li>Yang\u0131n raporunun haz\u0131rlanmas\u0131 ve ilgili kurumlara bildirim.<\/li>\n<\/ul>\n\n\n\n<hr class=\"wp-block-separator has-alpha-channel-opacity\"\/>\n\n\n\n<h3 class=\"wp-block-heading\"><strong>Yang\u0131n E\u011fitiminin T\u00fcrleri<\/strong><\/h3>\n\n\n\n<ol start=\"1\" class=\"wp-block-list has-secondary-color has-text-color has-link-color wp-elements-d6ecb9321f91f2a60c76b944862055b7\">\n<li><strong>Temel Yang\u0131n E\u011fitimi<\/strong>:\n<ul class=\"wp-block-list\">\n<li>T\u00fcm \u00e7al\u0131\u015fanlar i\u00e7in zorunlu olan temel yang\u0131n bilgisi ve m\u00fcdahale e\u011fitimi.<\/li>\n\n\n\n<li>Genellikle 2-4 saat s\u00fcrer.<\/li>\n<\/ul>\n<\/li>\n\n\n\n<li><strong>\u0130leri Yang\u0131n E\u011fitimi<\/strong>:\n<ul class=\"wp-block-list\">\n<li>Yang\u0131n ekipleri ve sorumlu personel i\u00e7in detayl\u0131 yang\u0131n m\u00fcdahale teknikleri.<\/li>\n\n\n\n<li>Uygulamal\u0131 e\u011fitimler ve tatbikatlar i\u00e7erir.<\/li>\n<\/ul>\n<\/li>\n\n\n\n<li><strong>Yang\u0131n Tatbikatlar\u0131<\/strong>:\n<ul class=\"wp-block-list\">\n<li>Yang\u0131n senaryolar\u0131 \u00fczerinden uygulamal\u0131 e\u011fitimler.<\/li>\n\n\n\n<li>Tahliye ve kurtarma i\u015flemlerinin pratik edilmesi.<\/li>\n<\/ul>\n<\/li>\n<\/ol>\n\n\n\n<hr class=\"wp-block-separator has-alpha-channel-opacity\"\/>\n\n\n\n<h3 class=\"wp-block-heading\"><strong>Yang\u0131n E\u011fitiminin Yasal Dayana\u011f\u0131<\/strong><\/h3>\n\n\n\n<p class=\"has-secondary-color has-text-color has-link-color wp-elements-7ce4eafe5209d8314ca42f451084ee14\">Yang\u0131n e\u011fitimi,&nbsp;<strong>6331 Say\u0131l\u0131 \u0130\u015f Sa\u011fl\u0131\u011f\u0131 ve G\u00fcvenli\u011fi Kanunu<\/strong>&nbsp;ve&nbsp;<strong>Binalar\u0131n Yang\u0131ndan Korunmas\u0131 Hakk\u0131nda Y\u00f6netmelik<\/strong>&nbsp;kapsam\u0131nda zorunludur. Bu y\u00f6netmeliklere g\u00f6re:<\/p>\n\n\n\n<ul class=\"wp-block-list has-secondary-color has-text-color has-link-color wp-elements-059088eeb7eb177bf343d64379dd3453\">\n<li>T\u00fcm i\u015fyerlerinde yang\u0131n e\u011fitimi verilmesi gereklidir.<\/li>\n\n\n\n<li>Yang\u0131n ekipleri olu\u015fturulmal\u0131 ve bu ekipler d\u00fczenli olarak e\u011fitim almal\u0131d\u0131r.<\/li>\n\n\n\n<li>Y\u0131lda en az bir kez yang\u0131n tatbikat\u0131 yap\u0131lmal\u0131d\u0131r.<\/li>\n<\/ul>\n\n\n\n<hr class=\"wp-block-separator has-alpha-channel-opacity\"\/>\n\n\n\n<h3 class=\"wp-block-heading\"><strong>Yang\u0131n E\u011fitiminin Faydalar\u0131<\/strong><\/h3>\n\n\n\n<ol start=\"1\" class=\"wp-block-list has-secondary-color has-text-color has-link-color wp-elements-8b4ed3755322706b6c0e4cb12c763406\">\n<li><strong>Can G\u00fcvenli\u011fi<\/strong>:\n<ul class=\"wp-block-list\">\n<li>Yang\u0131n durumunda can kayb\u0131n\u0131 \u00f6nler.<\/li>\n<\/ul>\n<\/li>\n\n\n\n<li><strong>Mal G\u00fcvenli\u011fi<\/strong>:\n<ul class=\"wp-block-list\">\n<li>Yang\u0131n\u0131n neden olabilece\u011fi maddi zararlar\u0131 en aza indirir.<\/li>\n<\/ul>\n<\/li>\n\n\n\n<li><strong>Yasal Uyum<\/strong>:\n<ul class=\"wp-block-list\">\n<li>\u0130\u015fletmelerin yasal gerekliliklere uyum sa\u011flamas\u0131n\u0131 kolayla\u015ft\u0131r\u0131r.<\/li>\n<\/ul>\n<\/li>\n\n\n\n<li><strong>Fark\u0131ndal\u0131k ve Bilin\u00e7<\/strong>:\n<ul class=\"wp-block-list\">\n<li>\u00c7al\u0131\u015fanlar\u0131n yang\u0131n risklerine kar\u015f\u0131 bilin\u00e7lenmesini sa\u011flar.<\/li>\n<\/ul>\n<\/li>\n\n\n\n<li><strong>H\u0131zl\u0131 ve Etkili M\u00fcdahale<\/strong>:\n<ul class=\"wp-block-list\">\n<li>Yang\u0131n an\u0131nda do\u011fru m\u00fcdahale edilmesini sa\u011flar.<\/li>\n<\/ul>\n<\/li>\n<\/ol>\n\n\n\n<hr class=\"wp-block-separator has-alpha-channel-opacity\"\/>\n\n\n\n<h3 class=\"wp-block-heading\"><strong>Yang\u0131n E\u011fitimi Kimler \u0130\u00e7in Zorunludur?<\/strong><\/h3>\n\n\n\n<ul class=\"wp-block-list has-secondary-color has-text-color has-link-color wp-elements-501ff76c77f380f82161fda7707fbf4b\">\n<li>T\u00fcm i\u015fyerlerinde \u00e7al\u0131\u015fanlar.<\/li>\n\n\n\n<li>Okullar, hastaneler, oteller ve kamu kurumlar\u0131ndaki personel.<\/li>\n\n\n\n<li>Yang\u0131n ekipleri ve acil durum ekipleri.<\/li>\n<\/ul>\n\n\n\n<hr class=\"wp-block-separator has-alpha-channel-opacity\"\/>\n\n\n\n<h3 class=\"wp-block-heading\"><strong>Yang\u0131n E\u011fitimi Nas\u0131l Al\u0131n\u0131r?<\/strong><\/h3>\n\n\n\n<ol start=\"1\" class=\"wp-block-list has-secondary-color has-text-color has-link-color wp-elements-1174c0bbab1cd349909fcda316f12be0\">\n<li><strong>E\u011fitim Kurumlar\u0131<\/strong>:\n<ul class=\"wp-block-list\">\n<li>Yang\u0131n e\u011fitimi, \u0130\u015f Sa\u011fl\u0131\u011f\u0131 ve G\u00fcvenli\u011fi E\u011fitim Kurumlar\u0131 veya itfaiye ekipleri taraf\u0131ndan verilir.<\/li>\n<\/ul>\n<\/li>\n\n\n\n<li><strong>Sertifika<\/strong>:\n<ul class=\"wp-block-list\">\n<li>E\u011fitimi ba\u015far\u0131yla tamamlayan ki\u015filere yang\u0131n e\u011fitimi sertifikas\u0131 verilir.<\/li>\n<\/ul>\n<\/li>\n\n\n\n<li><strong>Tatbikatlar<\/strong>:\n<ul class=\"wp-block-list\">\n<li>E\u011fitim sonras\u0131nda uygulamal\u0131 tatbikatlar yap\u0131l\u0131r.<\/li>\n<\/ul>\n<\/li>\n<\/ol>\n\n\n\n<hr class=\"wp-block-separator has-alpha-channel-opacity\"\/>\n\n\n\n<h3 class=\"wp-block-heading\"><strong>Sonu\u00e7<\/strong><\/h3>\n\n\n\n<p class=\"has-heading-color has-text-color has-link-color wp-elements-208e6fa294fdcb066ff457c7cc7f34c8\">Yang\u0131n e\u011fitimi, hem i\u015fyerlerinde hem de g\u00fcnl\u00fck ya\u015famda yang\u0131n risklerine kar\u015f\u0131 haz\u0131rl\u0131kl\u0131 olmak i\u00e7in b\u00fcy\u00fck \u00f6nem ta\u015f\u0131r. Bu e\u011fitim, yang\u0131n \u00f6ncesi, s\u0131ras\u0131 ve sonras\u0131nda yap\u0131lmas\u0131 gerekenleri kapsar ve can ile mal g\u00fcvenli\u011fini sa\u011flar. D\u00fczenli yang\u0131n e\u011fitimi ve tatbikatlar\u0131, olas\u0131 yang\u0131n durumlar\u0131nda h\u0131zl\u0131 ve etkili m\u00fcdahale imkan\u0131 sunar.<\/p>\n","protected":false},"excerpt":{"rendered":"<p>Yang\u0131n E\u011fitimleri Yang\u0131n E\u011fitimi, yang\u0131n risklerini \u00f6nlemek, yang\u0131n an\u0131nda do\u011fru m\u00fcdahale etmek ve yang\u0131n sonras\u0131 gerekli tedbirleri almak i\u00e7in bireylere verilen e\u011fitimdir. Bu e\u011fitim, i\u015fyerlerinde, okullarda, hastanelerde ve di\u011fer kamu kurumlar\u0131nda yang\u0131n g\u00fcvenli\u011fi bilincini art\u0131rmay\u0131 ve olas\u0131 yang\u0131n durumlar\u0131nda can ve mal kayb\u0131n\u0131 en aza indirmeyi ama\u00e7lar. Yang\u0131n e\u011fitimi, hem teorik bilgileri hem de pratik [&hellip;]<\/p>\n","protected":false},"author":1,"featured_media":0,"parent":0,"menu_order":0,"comment_status":"closed","ping_status":"closed","template":"","meta":{"footnotes":""},"class_list":["post-61","page","type-page","status-publish","hentry"],"_links":{"self":[{"href":"http:\/\/www.caganosgb.com.tr\/index.php\/wp-json\/wp\/v2\/pages\/61","targetHints":{"allow":["GET"]}}],"collection":[{"href":"http:\/\/www.caganosgb.com.tr\/index.php\/wp-json\/wp\/v2\/pages"}],"about":[{"href":"http:\/\/www.caganosgb.com.tr\/index.php\/wp-json\/wp\/v2\/types\/page"}],"author":[{"embeddable":true,"href":"http:\/\/www.caganosgb.com.tr\/index.php\/wp-json\/wp\/v2\/users\/1"}],"replies":[{"embeddable":true,"href":"http:\/\/www.caganosgb.com.tr\/index.php\/wp-json\/wp\/v2\/comments?post=61"}],"version-history":[{"count":3,"href":"http:\/\/www.caganosgb.com.tr\/index.php\/wp-json\/wp\/v2\/pages\/61\/revisions"}],"predecessor-version":[{"id":228,"href":"http:\/\/www.caganosgb.com.tr\/index.php\/wp-json\/wp\/v2\/pages\/61\/revisions\/228"}],"wp:attachment":[{"href":"http:\/\/www.caganosgb.com.tr\/index.php\/wp-json\/wp\/v2\/media?parent=61"}],"curies":[{"name":"wp","href":"https:\/\/api.w.org\/{rel}","templated":true}]}}