{"id":49,"date":"2025-02-14T06:57:44","date_gmt":"2025-02-14T06:57:44","guid":{"rendered":"http:\/\/www.caganosgb.com.tr\/?page_id=49"},"modified":"2025-02-20T19:33:16","modified_gmt":"2025-02-20T19:33:16","slug":"osgb-hizmeti","status":"publish","type":"page","link":"http:\/\/www.caganosgb.com.tr\/index.php\/osgb-hizmeti\/","title":{"rendered":"OSGB Hizmeti"},"content":{"rendered":"\n<p class=\"has-secondary-color has-text-color has-link-color wp-elements-c10e7f04cd078b079e75b32ba55d3002\" style=\"font-size:25px\"><strong>OSGB Hizmeti<\/strong><\/p>\n\n\n\n<p class=\"has-secondary-color has-text-color has-link-color wp-elements-c8ce8dffd039e39d7da69af751b4aecd\">OSGB (Ortak Sa\u011fl\u0131k ve G\u00fcvenlik Birimi), i\u015fyerlerinde i\u015f sa\u011fl\u0131\u011f\u0131 ve g\u00fcvenli\u011fi (\u0130SG) alan\u0131nda kapsaml\u0131 hizmetler sunar. Bu hizmetler, \u00e7al\u0131\u015fanlar\u0131n sa\u011fl\u0131\u011f\u0131n\u0131 korumak, i\u015f kazalar\u0131n\u0131 ve meslek hastal\u0131klar\u0131n\u0131 \u00f6nlemek, i\u015fyerlerinin yasal y\u00fck\u00fcml\u00fcl\u00fcklerini yerine getirmesine yard\u0131mc\u0131 olmak amac\u0131yla tasarlanm\u0131\u015ft\u0131r. \u0130\u015fte OSGB&#8217;lerin sundu\u011fu ba\u015fl\u0131ca hizmetler:<\/p>\n\n\n\n<hr class=\"wp-block-separator has-alpha-channel-opacity\"\/>\n\n\n\n<h3 class=\"wp-block-heading\"><strong>1. \u0130\u015f Sa\u011fl\u0131\u011f\u0131 ve G\u00fcvenli\u011fi E\u011fitimleri<\/strong><\/h3>\n\n\n\n<p class=\"has-secondary-color has-text-color has-link-color wp-elements-3d4b3a2c82e792c36e4ef6baf3614d1d\">OSGB&#8217;ler, \u00e7al\u0131\u015fanlar\u0131n i\u015f sa\u011fl\u0131\u011f\u0131 ve g\u00fcvenli\u011fi konusunda bilin\u00e7lenmesini sa\u011flamak i\u00e7in \u00e7e\u015fitli e\u011fitimler d\u00fczenler. Bu e\u011fitimler \u015funlar\u0131 i\u00e7erir:<\/p>\n\n\n\n<ul class=\"wp-block-list\">\n<li class=\"has-heading-color has-text-color has-link-color wp-elements-4a084f6feeed59ec84d6ff1eb93f891d\"><strong>\u0130\u015fe Giri\u015f E\u011fitimleri<\/strong>: Yeni \u00e7al\u0131\u015fanlara i\u015fyerindeki riskler ve al\u0131nmas\u0131 gereken \u00f6nlemler hakk\u0131nda bilgi verilir.<\/li>\n\n\n\n<li class=\"has-secondary-color has-text-color has-link-color wp-elements-a285da1feb020eea8cd42ef83f6b1bbd\"><strong>Periyodik E\u011fitimler<\/strong>: \u00c7al\u0131\u015fanlara d\u00fczenli aral\u0131klarla \u0130SG e\u011fitimleri verilir.<\/li>\n\n\n\n<li class=\"has-secondary-color has-text-color has-link-color wp-elements-d7a30807bf29e966755e3d9d8c9a2eb7\"><strong>Acil Durum E\u011fitimleri<\/strong>: Yang\u0131n, deprem, ilk yard\u0131m gibi acil durumlara y\u00f6nelik e\u011fitimler d\u00fczenlenir.<\/li>\n\n\n\n<li class=\"has-secondary-color has-text-color has-link-color wp-elements-93689c13a86c48e08b48cf7a26fc5c83\"><strong>\u00d6zel Risk E\u011fitimleri<\/strong>: Kimyasal maddelerle \u00e7al\u0131\u015fma, y\u00fcksekte \u00e7al\u0131\u015fma gibi \u00f6zel riskler i\u00e7in e\u011fitimler verilir.<\/li>\n<\/ul>\n\n\n\n<hr class=\"wp-block-separator has-alpha-channel-opacity\"\/>\n\n\n\n<h3 class=\"wp-block-heading\"><strong>2. Risk De\u011ferlendirmesi ve Analizi<\/strong><\/h3>\n\n\n\n<p class=\"has-secondary-color has-text-color has-link-color wp-elements-6f46145ecbee65b955fc8b5b4d4523c3\">OSGB&#8217;ler, i\u015fyerlerinde risk de\u011ferlendirmesi yaparak potansiyel tehlikeleri belirler ve bu riskleri ortadan kald\u0131rmak veya en aza indirmek i\u00e7in \u00f6nlemler al\u0131r. Bu s\u00fcre\u00e7 \u015fu ad\u0131mlar\u0131 i\u00e7erir:<\/p>\n\n\n\n<ul class=\"wp-block-list\">\n<li class=\"has-secondary-color has-text-color has-link-color wp-elements-79d9ed93ec8081569d26fdae4ad80da7\">\u0130\u015fyerindeki fiziksel, kimyasal, biyolojik ve ergonomik risklerin tespiti.<\/li>\n\n\n\n<li class=\"has-secondary-color has-text-color has-link-color wp-elements-e1f3663cf6fee19883484fa0c50f78a7\">Risklerin derecelendirilmesi ve \u00f6nceliklendirilmesi.<\/li>\n\n\n\n<li class=\"has-secondary-color has-text-color has-link-color wp-elements-3ff64f33af85ce566ee1382b4266569a\">Al\u0131nacak \u00f6nlemlerin planlanmas\u0131 ve uygulanmas\u0131.<\/li>\n\n\n\n<li class=\"has-secondary-color has-text-color has-link-color wp-elements-0d5cd8e39c705826e23d99e95e4933f8\">Risk de\u011ferlendirmesinin periyodik olarak g\u00fcncellenmesi.<\/li>\n<\/ul>\n\n\n\n<hr class=\"wp-block-separator has-alpha-channel-opacity\"\/>\n\n\n\n<h3 class=\"wp-block-heading\"><strong>3. Sa\u011fl\u0131k G\u00f6zetimi ve Muayeneler<\/strong><\/h3>\n\n\n\n<p class=\"has-secondary-color has-text-color has-link-color wp-elements-74aafe2bead985b7e6d60db73b4ceadb\">OSGB&#8217;ler, \u00e7al\u0131\u015fanlar\u0131n sa\u011fl\u0131k durumunu izlemek i\u00e7in \u00e7e\u015fitli sa\u011fl\u0131k hizmetleri sunar. Bu hizmetler \u015funlar\u0131 i\u00e7erir:<\/p>\n\n\n\n<ul class=\"wp-block-list\">\n<li class=\"has-secondary-color has-text-color has-link-color wp-elements-f9678d32b2b8c3e086971489a8dc6901\"><strong>\u0130\u015fe Giri\u015f Muayeneleri<\/strong>: Yeni i\u015fe al\u0131nan \u00e7al\u0131\u015fanlar\u0131n sa\u011fl\u0131k durumunun de\u011ferlendirilmesi.<\/li>\n\n\n\n<li class=\"has-secondary-color has-text-color has-link-color wp-elements-150c78726e740c5ca5a9af9f84d23703\"><strong>Periyodik Muayeneler<\/strong>: \u00c7al\u0131\u015fanlar\u0131n d\u00fczenli aral\u0131klarla sa\u011fl\u0131k kontrollerinin yap\u0131lmas\u0131.<\/li>\n\n\n\n<li class=\"has-secondary-color has-text-color has-link-color wp-elements-386ef20625fc1d12e3a3a6140e6ae503\"><strong>Meslek Hastal\u0131klar\u0131 Taramalar\u0131<\/strong>: \u00c7al\u0131\u015fanlar\u0131n meslek hastal\u0131klar\u0131na y\u00f6nelik olarak taranmas\u0131.<\/li>\n\n\n\n<li class=\"has-secondary-color has-text-color has-link-color wp-elements-77f06b49df4cabaf3b3fa11d596e41b4\"><strong>Erken Te\u015fhis ve \u00d6nlem<\/strong>: \u00c7al\u0131\u015fanlarda olas\u0131 sa\u011fl\u0131k sorunlar\u0131n\u0131n erken te\u015fhis edilmesi ve \u00f6nlenmesi.<\/li>\n<\/ul>\n\n\n\n<hr class=\"wp-block-separator has-alpha-channel-opacity\"\/>\n\n\n\n<h3 class=\"wp-block-heading\"><strong>4. \u0130\u015f Hijyeni \u00d6l\u00e7\u00fcmleri<\/strong><\/h3>\n\n\n\n<p class=\"has-secondary-color has-text-color has-link-color wp-elements-618cb8c830dc20f955e48f4aa558ff2e\">OSGB&#8217;ler, i\u015fyerlerindeki \u00e7al\u0131\u015fma ortam\u0131n\u0131n sa\u011fl\u0131kl\u0131 ve g\u00fcvenli olmas\u0131n\u0131 sa\u011flamak i\u00e7in \u00e7e\u015fitli \u00f6l\u00e7\u00fcmler yapar. Bu \u00f6l\u00e7\u00fcmler \u015funlar\u0131 i\u00e7erir:<\/p>\n\n\n\n<ul class=\"wp-block-list has-secondary-color has-text-color has-link-color wp-elements-5b9aee4490e73d2015f26503f7e7d8f2\">\n<li><strong>G\u00fcr\u00fclt\u00fc \u00d6l\u00e7\u00fcmleri<\/strong>: \u0130\u015fyerindeki g\u00fcr\u00fclt\u00fc d\u00fczeyinin \u00f6l\u00e7\u00fclmesi ve gerekli \u00f6nlemlerin al\u0131nmas\u0131.<\/li>\n\n\n\n<li><strong>Toz \u00d6l\u00e7\u00fcmleri<\/strong>: Toz maruziyetinin \u00f6l\u00e7\u00fclmesi ve kontrol alt\u0131na al\u0131nmas\u0131.<\/li>\n\n\n\n<li><strong>Kimyasal Madde \u00d6l\u00e7\u00fcmleri<\/strong>: Kimyasal maddelerin maruziyet d\u00fczeyinin belirlenmesi.<\/li>\n\n\n\n<li><strong>Ayd\u0131nlatma ve Hava Kalitesi \u00d6l\u00e7\u00fcmleri<\/strong>: \u00c7al\u0131\u015fma ortam\u0131n\u0131n ayd\u0131nlatma ve hava kalitesinin uygunlu\u011funun de\u011ferlendirilmesi.<\/li>\n<\/ul>\n\n\n\n<hr class=\"wp-block-separator has-alpha-channel-opacity\"\/>\n\n\n\n<h3 class=\"wp-block-heading\"><strong>5. Acil Durum Planlamas\u0131<\/strong><\/h3>\n\n\n\n<p class=\"has-secondary-color has-text-color has-link-color wp-elements-843a194fea94a00c4415815bdfed4e1b\">OSGB&#8217;ler, i\u015fyerlerinde olas\u0131 acil durumlara kar\u015f\u0131 haz\u0131rl\u0131kl\u0131 olunmas\u0131n\u0131 sa\u011flar. Bu kapsamda \u015fu hizmetler sunulur:<\/p>\n\n\n\n<ul class=\"wp-block-list has-secondary-color has-text-color has-link-color wp-elements-b39a8ca19fe2b622373a0c3e9f6aee5a\">\n<li><strong>Acil Durum Planlar\u0131n\u0131n Haz\u0131rlanmas\u0131<\/strong>: Yang\u0131n, deprem, kimyasal s\u0131z\u0131nt\u0131 gibi acil durumlar i\u00e7in planlar haz\u0131rlan\u0131r.<\/li>\n\n\n\n<li><strong>Tatbikatlar<\/strong>: Acil durum tatbikatlar\u0131 d\u00fczenlenerek \u00e7al\u0131\u015fanlar\u0131n bu durumlara nas\u0131l m\u00fcdahale edece\u011fi \u00f6\u011fretilir.<\/li>\n\n\n\n<li><strong>Acil \u00c7\u0131k\u0131\u015f Yollar\u0131 ve Toplanma Alanlar\u0131n\u0131n Belirlenmesi<\/strong>: \u0130\u015fyerinde acil \u00e7\u0131k\u0131\u015f yollar\u0131 ve toplanma alanlar\u0131 belirlenir.<\/li>\n<\/ul>\n\n\n\n<hr class=\"wp-block-separator has-alpha-channel-opacity\"\/>\n\n\n\n<h3 class=\"wp-block-heading\"><strong>6. Yasal Mevzuata Uyum Dan\u0131\u015fmanl\u0131\u011f\u0131<\/strong><\/h3>\n\n\n\n<p class=\"has-secondary-color has-text-color has-link-color wp-elements-269451104226ce0ba50c393184b170bc\">OSGB&#8217;ler, i\u015fyerlerinin \u0130SG mevzuat\u0131na uyum sa\u011flamas\u0131na yard\u0131mc\u0131 olur. Bu kapsamda \u015fu hizmetler sunulur:<\/p>\n\n\n\n<ul class=\"wp-block-list has-secondary-color has-text-color has-link-color wp-elements-d1cc62d4839c805fc316cba6193384ed\">\n<li><strong>Yasal Y\u00fck\u00fcml\u00fcl\u00fcklerin Belirlenmesi<\/strong>: \u0130\u015fyerinin yasal y\u00fck\u00fcml\u00fcl\u00fckleri konusunda bilgilendirme yap\u0131l\u0131r.<\/li>\n\n\n\n<li><strong>Denetimlere Haz\u0131rl\u0131k<\/strong>: \u0130\u015fyerlerinin \u0130SG denetimlerine haz\u0131rlanmas\u0131na yard\u0131mc\u0131 olunur.<\/li>\n\n\n\n<li><strong>Dok\u00fcmantasyon<\/strong>: \u0130SG ile ilgili gerekli belgelerin haz\u0131rlanmas\u0131 ve dosyalanmas\u0131.<\/li>\n<\/ul>\n\n\n\n<hr class=\"wp-block-separator has-alpha-channel-opacity\"\/>\n\n\n\n<h3 class=\"wp-block-heading\"><strong>7. \u0130\u015f Kazas\u0131 ve Meslek Hastal\u0131klar\u0131n\u0131n \u00d6nlenmesi<\/strong><\/h3>\n\n\n\n<p class=\"has-secondary-color has-text-color has-link-color wp-elements-ad5ed97b5c0d3c7ce5daf95fa200b479\">OSGB&#8217;ler, i\u015f kazalar\u0131 ve meslek hastal\u0131klar\u0131n\u0131n \u00f6nlenmesi i\u00e7in \u00e7e\u015fitli \u00e7al\u0131\u015fmalar y\u00fcr\u00fct\u00fcr. Bu kapsamda \u015fu hizmetler sunulur:<\/p>\n\n\n\n<ul class=\"wp-block-list has-secondary-color has-text-color has-link-color wp-elements-0d0772a84e405889c1a4c29fb4e94526\">\n<li><strong>Kaza \u0130ncelemeleri<\/strong>: \u0130\u015f kazalar\u0131n\u0131n nedenlerinin ara\u015ft\u0131r\u0131lmas\u0131 ve benzer kazalar\u0131n \u00f6nlenmesi i\u00e7in \u00f6nlemler al\u0131nmas\u0131.<\/li>\n\n\n\n<li><strong>Meslek Hastal\u0131klar\u0131na Y\u00f6nelik \u00d6nlemler<\/strong>: Meslek hastal\u0131klar\u0131n\u0131n \u00f6nlenmesi i\u00e7in \u00e7al\u0131\u015fanlar\u0131n sa\u011fl\u0131k durumunun izlenmesi ve gerekli \u00f6nlemlerin al\u0131nmas\u0131.<\/li>\n<\/ul>\n\n\n\n<hr class=\"wp-block-separator has-alpha-channel-opacity\"\/>\n\n\n\n<h3 class=\"wp-block-heading\"><strong>8. \u0130\u015fyeri Hekimli\u011fi Hizmetleri<\/strong><\/h3>\n\n\n\n<p class=\"has-secondary-color has-text-color has-link-color wp-elements-e69fba771e92752f4934c39e714a5c8e\">OSGB&#8217;ler, i\u015fyeri hekimleri arac\u0131l\u0131\u011f\u0131yla \u00e7al\u0131\u015fanlar\u0131n sa\u011fl\u0131k durumunu izler ve koruyucu sa\u011fl\u0131k hizmetleri sunar. Bu hizmetler \u015funlar\u0131 i\u00e7erir:<\/p>\n\n\n\n<ul class=\"wp-block-list has-secondary-color has-text-color has-link-color wp-elements-bd088d6bf6ae53e46be6fbbbf5895d8a\">\n<li><strong>Sa\u011fl\u0131k Raporlar\u0131n\u0131n Haz\u0131rlanmas\u0131<\/strong>: \u0130\u015fe giri\u015f ve periyodik sa\u011fl\u0131k raporlar\u0131n\u0131n haz\u0131rlanmas\u0131.<\/li>\n\n\n\n<li><strong>Ergonomik De\u011ferlendirmeler<\/strong>: \u00c7al\u0131\u015fma ortam\u0131n\u0131n ergonomik a\u00e7\u0131dan uygunlu\u011funun de\u011ferlendirilmesi.<\/li>\n\n\n\n<li><strong>Sa\u011fl\u0131k Taramalar\u0131<\/strong>: \u00c7al\u0131\u015fanlar\u0131n belirli aral\u0131klarla sa\u011fl\u0131k taramalar\u0131ndan ge\u00e7irilmesi.<\/li>\n<\/ul>\n\n\n\n<hr class=\"wp-block-separator has-alpha-channel-opacity\"\/>\n\n\n\n<h3 class=\"wp-block-heading\"><strong>9. \u0130\u015f G\u00fcvenli\u011fi Uzmanl\u0131\u011f\u0131 Hizmetleri<\/strong><\/h3>\n\n\n\n<p class=\"has-secondary-color has-text-color has-link-color wp-elements-dd1a7920d666985f917ae3dba6d87ac1\">OSGB&#8217;ler, i\u015f g\u00fcvenli\u011fi uzmanlar\u0131 arac\u0131l\u0131\u011f\u0131yla i\u015fyerlerindeki g\u00fcvenlik \u00f6nlemlerinin al\u0131nmas\u0131n\u0131 sa\u011flar. Bu hizmetler \u015funlar\u0131 i\u00e7erir:<\/p>\n\n\n\n<ul class=\"wp-block-list has-secondary-color has-text-color has-link-color wp-elements-49b82289b58127b8bde8aec2dd0c1558\">\n<li><strong>\u0130\u015fyeri G\u00fcvenlik Denetimleri<\/strong>: \u0130\u015fyerindeki g\u00fcvenlik \u00f6nlemlerinin denetlenmesi.<\/li>\n\n\n\n<li><strong>Ki\u015fisel Koruyucu Donan\u0131m (KKD) Kullan\u0131m\u0131n\u0131n Denetlenmesi<\/strong>: \u00c7al\u0131\u015fanlar\u0131n KKD&#8217;leri do\u011fru kullan\u0131p kullanmad\u0131\u011f\u0131n\u0131n kontrol edilmesi.<\/li>\n\n\n\n<li><strong>Makine ve Ekipman G\u00fcvenli\u011fi<\/strong>: \u0130\u015fyerindeki makinelerin ve ekipmanlar\u0131n g\u00fcvenli kullan\u0131m\u0131n\u0131n sa\u011flanmas\u0131.<\/li>\n<\/ul>\n\n\n\n<hr class=\"wp-block-separator has-alpha-channel-opacity\"\/>\n\n\n\n<h3 class=\"wp-block-heading\"><strong>10. \u00c7al\u0131\u015fanlar\u0131n Psikososyal Risklerinin De\u011ferlendirilmesi<\/strong><\/h3>\n\n\n\n<p class=\"has-secondary-color has-text-color has-link-color wp-elements-e11d6495d7cf61dd8ac3554ff7e02972\">OSGB&#8217;ler, \u00e7al\u0131\u015fanlar\u0131n psikolojik ve sosyal sa\u011fl\u0131\u011f\u0131n\u0131 korumak i\u00e7in psikososyal risk de\u011ferlendirmesi yapar. Bu kapsamda \u015fu hizmetler sunulur:<\/p>\n\n\n\n<ul class=\"wp-block-list has-secondary-color has-text-color has-link-color wp-elements-58748f7c081cdb719e6ee9deb4a5415b\">\n<li><strong>Stres Y\u00f6netimi<\/strong>: \u00c7al\u0131\u015fanlar\u0131n i\u015f stresiyle ba\u015fa \u00e7\u0131kmas\u0131na yard\u0131mc\u0131 olunmas\u0131.<\/li>\n\n\n\n<li><strong>Psikolojik Destek<\/strong>: \u00c7al\u0131\u015fanlara psikolojik destek sa\u011flanmas\u0131.<\/li>\n<\/ul>\n\n\n\n<hr class=\"wp-block-separator has-alpha-channel-opacity\"\/>\n\n\n\n<h3 class=\"wp-block-heading\"><strong>11. \u0130SG Dok\u00fcmantasyon ve Kay\u0131t Y\u00f6netimi<\/strong><\/h3>\n\n\n\n<p class=\"has-secondary-color has-text-color has-link-color wp-elements-07af016fee600ca172f12e7bb33ee732\">OSGB&#8217;ler, i\u015fyerlerinin \u0130SG ile ilgili dok\u00fcmantasyon ve kay\u0131tlar\u0131n\u0131 y\u00f6netir. Bu kapsamda \u015fu hizmetler sunulur:<\/p>\n\n\n\n<ul class=\"wp-block-list has-secondary-color has-text-color has-link-color wp-elements-1ccc4aaa54d5554caa2b576c568284ef\">\n<li class=\"has-secondary-color has-text-color has-link-color wp-elements-4558407e8907102823e9436dee2dc119\"><strong>Risk De\u011ferlendirme Raporlar\u0131n\u0131n Haz\u0131rlanmas\u0131<\/strong>.<\/li>\n\n\n\n<li><strong>E\u011fitim Kay\u0131tlar\u0131n\u0131n Tutulmas\u0131<\/strong>.<\/li>\n\n\n\n<li><strong>Sa\u011fl\u0131k Muayene Kay\u0131tlar\u0131n\u0131n Saklanmas\u0131<\/strong>.<\/li>\n<\/ul>\n\n\n\n<hr class=\"wp-block-separator has-alpha-channel-opacity\"\/>\n\n\n\n<h3 class=\"wp-block-heading\"><\/h3>\n\n\n\n<p class=\"has-secondary-color has-text-color has-link-color wp-elements-cfbcfa978b5a57e4b0f145fc057c9b96\">OSGB&#8217;ler, i\u015fyerlerinde sa\u011fl\u0131kl\u0131 ve g\u00fcvenli bir \u00e7al\u0131\u015fma ortam\u0131 olu\u015fturmak i\u00e7in \u00e7ok y\u00f6nl\u00fc hizmetler sunar. Bu hizmetler, i\u015f kazalar\u0131n\u0131 ve meslek hastal\u0131klar\u0131n\u0131 \u00f6nlemek, \u00e7al\u0131\u015fanlar\u0131n sa\u011fl\u0131\u011f\u0131n\u0131 korumak ve i\u015fyerlerinin yasal y\u00fck\u00fcml\u00fcl\u00fcklerini yerine getirmesine yard\u0131mc\u0131 olmak amac\u0131yla tasarlanm\u0131\u015ft\u0131r. OSGB&#8217;ler, \u00f6zellikle k\u00fc\u00e7\u00fck ve orta \u00f6l\u00e7ekli i\u015fletmeler i\u00e7in \u0130SG hizmetlerine eri\u015fimi kolayla\u015ft\u0131ran ve maliyetleri d\u00fc\u015f\u00fcren bir \u00e7\u00f6z\u00fcmd\u00fcr.<\/p>\n","protected":false},"excerpt":{"rendered":"<p>OSGB Hizmeti OSGB (Ortak Sa\u011fl\u0131k ve G\u00fcvenlik Birimi), i\u015fyerlerinde i\u015f sa\u011fl\u0131\u011f\u0131 ve g\u00fcvenli\u011fi (\u0130SG) alan\u0131nda kapsaml\u0131 hizmetler sunar. Bu hizmetler, \u00e7al\u0131\u015fanlar\u0131n sa\u011fl\u0131\u011f\u0131n\u0131 korumak, i\u015f kazalar\u0131n\u0131 ve meslek hastal\u0131klar\u0131n\u0131 \u00f6nlemek, i\u015fyerlerinin yasal y\u00fck\u00fcml\u00fcl\u00fcklerini yerine getirmesine yard\u0131mc\u0131 olmak amac\u0131yla tasarlanm\u0131\u015ft\u0131r. \u0130\u015fte OSGB&#8217;lerin sundu\u011fu ba\u015fl\u0131ca hizmetler: 1. \u0130\u015f Sa\u011fl\u0131\u011f\u0131 ve G\u00fcvenli\u011fi E\u011fitimleri OSGB&#8217;ler, \u00e7al\u0131\u015fanlar\u0131n i\u015f sa\u011fl\u0131\u011f\u0131 ve g\u00fcvenli\u011fi [&hellip;]<\/p>\n","protected":false},"author":1,"featured_media":0,"parent":0,"menu_order":0,"comment_status":"closed","ping_status":"closed","template":"","meta":{"footnotes":""},"class_list":["post-49","page","type-page","status-publish","hentry"],"_links":{"self":[{"href":"http:\/\/www.caganosgb.com.tr\/index.php\/wp-json\/wp\/v2\/pages\/49","targetHints":{"allow":["GET"]}}],"collection":[{"href":"http:\/\/www.caganosgb.com.tr\/index.php\/wp-json\/wp\/v2\/pages"}],"about":[{"href":"http:\/\/www.caganosgb.com.tr\/index.php\/wp-json\/wp\/v2\/types\/page"}],"author":[{"embeddable":true,"href":"http:\/\/www.caganosgb.com.tr\/index.php\/wp-json\/wp\/v2\/users\/1"}],"replies":[{"embeddable":true,"href":"http:\/\/www.caganosgb.com.tr\/index.php\/wp-json\/wp\/v2\/comments?post=49"}],"version-history":[{"count":3,"href":"http:\/\/www.caganosgb.com.tr\/index.php\/wp-json\/wp\/v2\/pages\/49\/revisions"}],"predecessor-version":[{"id":300,"href":"http:\/\/www.caganosgb.com.tr\/index.php\/wp-json\/wp\/v2\/pages\/49\/revisions\/300"}],"wp:attachment":[{"href":"http:\/\/www.caganosgb.com.tr\/index.php\/wp-json\/wp\/v2\/media?parent=49"}],"curies":[{"name":"wp","href":"https:\/\/api.w.org\/{rel}","templated":true}]}}