{"id":329,"date":"2025-03-15T13:46:20","date_gmt":"2025-03-15T13:46:20","guid":{"rendered":"http:\/\/www.caganosgb.com.tr\/?page_id=329"},"modified":"2025-03-15T14:31:44","modified_gmt":"2025-03-15T14:31:44","slug":"iletisim","status":"publish","type":"page","link":"http:\/\/www.caganosgb.com.tr\/index.php\/iletisim\/","title":{"rendered":"\u0130LET\u0130\u015e\u0130M"},"content":{"rendered":"\n<p class=\"has-secondary-color has-text-color has-link-color wp-elements-e189a3b4fe217e4e3dc1c1e9412107e9\" style=\"font-size:25px\"><strong> \u0130leti\u015fim Bilgileri<\/strong><\/p>\n\n\n\n<p><\/p>\n\n\n\n<p><\/p>\n\n\n\n<p><\/p>\n\n\n\n<p class=\"has-secondary-color has-text-color has-link-color wp-elements-8000745acc53a34fb4630ccca58c58b2\" style=\"font-size:19px\"><strong> Mehmet Akif Mh. Dilek Sok. No:13 B-C \u00dcmraniye\/\u0130ST<\/strong><\/p>\n\n\n\n<p class=\"has-secondary-color has-text-color has-link-color wp-elements-ca0c1b2323bec60eb0e55b87a95ec78b\" style=\"font-size:19px\"><strong>0216 364 25 15 <\/strong><\/p>\n\n\n\n<p class=\"has-secondary-color has-text-color has-link-color wp-elements-38337845569f1a85fe3a9663d3e15abd\" style=\"font-size:19px\"><strong>info@caganosgb.com.tr<\/strong><\/p>\n","protected":false},"excerpt":{"rendered":"<p>\u0130leti\u015fim Bilgileri Mehmet Akif Mh. Dilek Sok. No:13 B-C \u00dcmraniye\/\u0130ST 0216 364 25 15 info@caganosgb.com.tr<\/p>\n","protected":false},"author":1,"featured_media":0,"parent":0,"menu_order":0,"comment_status":"closed","ping_status":"closed","template":"","meta":{"footnotes":""},"class_list":["post-329","page","type-page","status-publish","hentry"],"_links":{"self":[{"href":"http:\/\/www.caganosgb.com.tr\/index.php\/wp-json\/wp\/v2\/pages\/329","targetHints":{"allow":["GET"]}}],"collection":[{"href":"http:\/\/www.caganosgb.com.tr\/index.php\/wp-json\/wp\/v2\/pages"}],"about":[{"href":"http:\/\/www.caganosgb.com.tr\/index.php\/wp-json\/wp\/v2\/types\/page"}],"author":[{"embeddable":true,"href":"http:\/\/www.caganosgb.com.tr\/index.php\/wp-json\/wp\/v2\/users\/1"}],"replies":[{"embeddable":true,"href":"http:\/\/www.caganosgb.com.tr\/index.php\/wp-json\/wp\/v2\/comments?post=329"}],"version-history":[{"count":7,"href":"http:\/\/www.caganosgb.com.tr\/index.php\/wp-json\/wp\/v2\/pages\/329\/revisions"}],"predecessor-version":[{"id":348,"href":"http:\/\/www.caganosgb.com.tr\/index.php\/wp-json\/wp\/v2\/pages\/329\/revisions\/348"}],"wp:attachment":[{"href":"http:\/\/www.caganosgb.com.tr\/index.php\/wp-json\/wp\/v2\/media?parent=329"}],"curies":[{"name":"wp","href":"https:\/\/api.w.org\/{rel}","templated":true}]}}