{"id":28,"date":"2025-02-14T06:28:49","date_gmt":"2025-02-14T06:28:49","guid":{"rendered":"http:\/\/www.caganosgb.com.tr\/?page_id=28"},"modified":"2025-02-21T08:55:11","modified_gmt":"2025-02-21T08:55:11","slug":"hakkimizda","status":"publish","type":"page","link":"http:\/\/www.caganosgb.com.tr\/index.php\/hakkimizda\/","title":{"rendered":"HAKKIMIZDA"},"content":{"rendered":"\n<p class=\"has-heading-color has-text-color has-link-color wp-elements-cc8a48787795fb78f287331cb1ba4bb4\" style=\"font-size:24px\"><strong>HAKKIMIZDA<\/strong><\/p>\n\n\n\n<p class=\"has-heading-color has-text-color has-link-color wp-elements-526748511445b77e7120dc81a72e9e16\" style=\"font-size:16px\">CA\u011eAN OSGB olarak, i\u015fyerinde sa\u011fl\u0131k ve g\u00fcvenlik risklerine kar\u015f\u0131 y\u00fcr\u00fct\u00fclecek her t\u00fcrl\u00fc, d\u00fczeltici ve \u00f6nleyici faaliyeti kapsayan \u00e7al\u0131\u015fma ortam\u0131 g\u00f6zetimi, i\u015f\u00e7ilerin sa\u011fl\u0131\u011f\u0131n\u0131 korumak ve geli\u015ftirmek amac\u0131 ile i\u015f\u00e7ilere verilecek sa\u011fl\u0131k g\u00f6zetimi, i\u015f\u00e7ilerin i\u015f sa\u011fl\u0131\u011f\u0131 ve g\u00fcvenli\u011fi e\u011fitimleri ve bilgilendirilmesi i\u015fyerinde kaza, yang\u0131n, do\u011fal afet ve bunun gibi acil m\u00fcdahale gerektiren durumlar\u0131n belirlenmesi acil durum plan\u0131n\u0131n haz\u0131rlanmas\u0131, ilk yard\u0131m ve acil m\u00fcdahale bak\u0131m\u0131ndan yap\u0131lmas\u0131 gereken uygulamalar\u0131n organizasyonu ve ilgili di\u011fer birim, kurum ve kurulu\u015flarla i\u015f birli\u011fi yap\u0131lmas\u0131, \u00e7al\u0131\u015f\u0131lma ortam\u0131n\u0131n g\u00f6zetimine ve i\u015f\u00e7ilerin sa\u011fl\u0131k g\u00f6zetimine ait b\u00fct\u00fcn bilgilerin kay\u0131t alt\u0131na al\u0131nmas\u0131, i\u015f\u00e7ilerin yapt\u0131klar\u0131 i\u015fler, i\u015fyerinde yap\u0131lan risk de\u011ferlendirme sonu\u00e7lar\u0131 ve maruziyet bilgileri ile i\u015fe giri\u015f  muayeneleri, periyodik sa\u011fl\u0131k muayeneleri sonu\u00e7lar\u0131 ve i\u015f kazalar\u0131 ile meslek hastal\u0131klar\u0131 kay\u0131tlar\u0131n\u0131n, i\u015fyerindeki ki\u015fisel sa\u011fl\u0131k dosyalar\u0131nda gizlilik ilkesine uyularak saklanmas\u0131, konular\u0131nda t\u00fcm s\u00fcre\u00e7 ve takip  uygulamalar\u0131n\u0131 en \u00fcst seviyede yerine getirmeyi ama\u00e7lamaktay\u0131z.<\/p>\n\n\n\n<div class=\"wp-block-columns is-layout-flex wp-container-core-columns-is-layout-1 wp-block-columns-is-layout-flex\">\n<div class=\"wp-block-column is-layout-flow wp-block-column-is-layout-flow\">\n<p class=\"has-vivid-red-color has-text-color has-link-color wp-elements-a95b48bd8b2185185c2f46c08da29c8d\" style=\"font-size:20px\"><strong>Periyodik Kontrolleri Kald\u0131rma Ekipmanlar\u0131;<\/strong><\/p>\n\n\n\n<ul class=\"wp-block-list has-heading-color has-text-color has-link-color wp-elements-7193e0300a8e6c3e490445e2e755fa9e\">\n<li>Vin\u00e7<\/li>\n\n\n\n<li>Caraskal<\/li>\n\n\n\n<li>Transpalet<\/li>\n\n\n\n<li>Lift<\/li>\n\n\n\n<li>Asans\u00f6r<\/li>\n\n\n\n<li>Platformlar<\/li>\n\n\n\n<li>\u0130skeleler<\/li>\n<\/ul>\n<\/div>\n\n\n\n<div class=\"wp-block-column is-layout-flow wp-block-column-is-layout-flow\">\n<p class=\"has-vivid-red-color has-text-color has-link-color wp-elements-276b3183bfca8f67062f7139cd4532e9\" style=\"font-size:20px\"><strong>Bas\u0131n\u00e7l\u0131 Kaplar;<\/strong><\/p>\n\n\n\n<ul class=\"wp-block-list has-secondary-color has-text-color has-link-color wp-elements-1a920f5d1c83049297c1287de82ddb64\">\n<li>Buhar Kazan\u0131<\/li>\n\n\n\n<li>Kalorifer Kazan\u0131<\/li>\n\n\n\n<li>K\u0131zg\u0131n Ya\u011f Kazan\u0131<\/li>\n\n\n\n<li>Hava Tank\u0131<\/li>\n\n\n\n<li>Hidrofor Tank\u0131<\/li>\n\n\n\n<li>Genle\u015fme Tanklar\u0131 <\/li>\n\n\n\n<li>Bas\u0131n\u00e7l\u0131 Tanklar<\/li>\n\n\n\n<li>Buharl\u0131 Pi\u015firme Kazanlar\u0131 <\/li>\n<\/ul>\n<\/div>\n<\/div>\n\n\n\n<figure class=\"wp-block-image size-large is-resized\"><img loading=\"lazy\" decoding=\"async\" width=\"1024\" height=\"585\" src=\"http:\/\/www.caganosgb.com.tr\/wp-content\/uploads\/2025\/02\/image-1024x585.png\" alt=\"\" class=\"wp-image-311\" style=\"object-fit:cover;width:900px;height:150px\" srcset=\"http:\/\/www.caganosgb.com.tr\/wp-content\/uploads\/2025\/02\/image-1024x585.png 1024w, http:\/\/www.caganosgb.com.tr\/wp-content\/uploads\/2025\/02\/image-300x171.png 300w, http:\/\/www.caganosgb.com.tr\/wp-content\/uploads\/2025\/02\/image-768x439.png 768w, http:\/\/www.caganosgb.com.tr\/wp-content\/uploads\/2025\/02\/image-1536x878.png 1536w, http:\/\/www.caganosgb.com.tr\/wp-content\/uploads\/2025\/02\/image.png 1792w\" sizes=\"auto, (max-width: 1024px) 100vw, 1024px\" \/><\/figure>\n\n\n\n<div class=\"wp-block-columns is-layout-flex wp-container-core-columns-is-layout-2 wp-block-columns-is-layout-flex\">\n<div class=\"wp-block-column is-layout-flow wp-block-column-is-layout-flow\">\n<p><\/p>\n\n\n\n<p class=\"has-vivid-red-color has-text-color has-link-color wp-elements-bb2221f957d5f19b8eef7529fe6f16d5\" style=\"font-size:20px\"><strong>\u00d6l\u00e7\u00fcm Hizmetleri ;<\/strong><\/p>\n\n\n\n<ul class=\"wp-block-list has-secondary-color has-text-color has-link-color wp-elements-8d61af9daa258b315fa4ed45c7481829\">\n<li>Elektrik Tesisat\u0131 Ve Topraklama \u00d6l\u00e7\u00fcmleri<\/li>\n\n\n\n<li>G\u00fcr\u00fclt\u00fc \u00d6l\u00e7\u00fcm\u00fc<\/li>\n\n\n\n<li>G\u00fcr\u00fclt\u00fc Haritas\u0131n\u0131n \u00c7izilmesi<\/li>\n\n\n\n<li>Ayd\u0131nlatma \u00d6l\u00e7\u00fcm\u00fc <\/li>\n\n\n\n<li>S\u0131cakl\u0131k \u00d6l\u00e7\u00fcm\u00fc<\/li>\n\n\n\n<li>Nem \u00d6l\u00e7\u00fcm\u00fc <\/li>\n\n\n\n<li>Hava Ak\u0131m H\u0131z\u0131 \u00d6l\u00e7\u00fcm\u00fc<\/li>\n\n\n\n<li>Toz \u00d6l\u00e7\u00fcm\u00fc <\/li>\n\n\n\n<li>Gaz \u00d6l\u00e7\u00fcm\u00fc<\/li>\n\n\n\n<li>Titre\u015fim \u00d6l\u00e7\u00fcm\u00fc<\/li>\n<\/ul>\n<\/div>\n\n\n\n<div class=\"wp-block-column is-layout-flow wp-block-column-is-layout-flow\">\n<p><\/p>\n\n\n\n<p class=\"has-vivid-red-color has-text-color has-link-color wp-elements-d1d2138ea221262fa12b452da7d808bf\" style=\"font-size:20px\"><strong>\u0130SG Sarf Malzemeleri;<\/strong><\/p>\n\n\n\n<ul class=\"wp-block-list has-heading-color has-text-color has-link-color wp-elements-9cdf3ea8fbcb14283b707fc39ba3623d\">\n<li>Baretler <\/li>\n\n\n\n<li>Eldivenler<\/li>\n\n\n\n<li>Ayakkab\u0131lar<\/li>\n\n\n\n<li>G\u00f6zl\u00fckler <\/li>\n\n\n\n<li>Fosforlu Yelek<\/li>\n\n\n\n<li>Kulakl\u0131klar<\/li>\n\n\n\n<li>G\u00fcvenlik Alan Perdeleri<\/li>\n\n\n\n<li>Para\u015f\u00fct Tipi Emniyet Kemerleri<\/li>\n<\/ul>\n<\/div>\n<\/div>\n","protected":false},"excerpt":{"rendered":"<p>HAKKIMIZDA CA\u011eAN OSGB olarak, i\u015fyerinde sa\u011fl\u0131k ve g\u00fcvenlik risklerine kar\u015f\u0131 y\u00fcr\u00fct\u00fclecek her t\u00fcrl\u00fc, d\u00fczeltici ve \u00f6nleyici faaliyeti kapsayan \u00e7al\u0131\u015fma ortam\u0131 g\u00f6zetimi, i\u015f\u00e7ilerin sa\u011fl\u0131\u011f\u0131n\u0131 korumak ve geli\u015ftirmek amac\u0131 ile i\u015f\u00e7ilere verilecek sa\u011fl\u0131k g\u00f6zetimi, i\u015f\u00e7ilerin i\u015f sa\u011fl\u0131\u011f\u0131 ve g\u00fcvenli\u011fi e\u011fitimleri ve bilgilendirilmesi i\u015fyerinde kaza, yang\u0131n, do\u011fal afet ve bunun gibi acil m\u00fcdahale gerektiren durumlar\u0131n belirlenmesi acil durum [&hellip;]<\/p>\n","protected":false},"author":1,"featured_media":0,"parent":0,"menu_order":0,"comment_status":"closed","ping_status":"closed","template":"","meta":{"footnotes":""},"class_list":["post-28","page","type-page","status-publish","hentry"],"_links":{"self":[{"href":"http:\/\/www.caganosgb.com.tr\/index.php\/wp-json\/wp\/v2\/pages\/28","targetHints":{"allow":["GET"]}}],"collection":[{"href":"http:\/\/www.caganosgb.com.tr\/index.php\/wp-json\/wp\/v2\/pages"}],"about":[{"href":"http:\/\/www.caganosgb.com.tr\/index.php\/wp-json\/wp\/v2\/types\/page"}],"author":[{"embeddable":true,"href":"http:\/\/www.caganosgb.com.tr\/index.php\/wp-json\/wp\/v2\/users\/1"}],"replies":[{"embeddable":true,"href":"http:\/\/www.caganosgb.com.tr\/index.php\/wp-json\/wp\/v2\/comments?post=28"}],"version-history":[{"count":9,"href":"http:\/\/www.caganosgb.com.tr\/index.php\/wp-json\/wp\/v2\/pages\/28\/revisions"}],"predecessor-version":[{"id":314,"href":"http:\/\/www.caganosgb.com.tr\/index.php\/wp-json\/wp\/v2\/pages\/28\/revisions\/314"}],"wp:attachment":[{"href":"http:\/\/www.caganosgb.com.tr\/index.php\/wp-json\/wp\/v2\/media?parent=28"}],"curies":[{"name":"wp","href":"https:\/\/api.w.org\/{rel}","templated":true}]}}